{"id":2527,"date":"2025-11-02T11:10:23","date_gmt":"2025-11-02T11:10:23","guid":{"rendered":"https:\/\/www.isabellebouhon.be\/?post_type=product&#038;p=2527"},"modified":"2025-11-02T11:29:03","modified_gmt":"2025-11-02T11:29:03","slug":"jour-de-fete","status":"publish","type":"product","link":"https:\/\/www.isabellebouhon.be\/en\/peintures\/peintures-chromotherapeutiques\/les-flashys\/jour-de-fete\/","title":{"rendered":"Jour de F\u00eate"},"content":{"rendered":"<p>120x150x4cm \u2013 ch\u00e2ssis 3D &#8211; Incrustation d\u2019Or 24 carats<br \/>\nAcrylic on canvas \u2013 Mixed media<\/p>","protected":false},"excerpt":{"rendered":"<ul>\n<li>La fiche explicative sur les couleurs utilis\u00e9es, leurs caract\u00e9ristiques \u00e9nerg\u00e9tiques et comment s&rsquo;en servir pour un mieux \u00eatre.<\/li>\n<li>Le certificat d&rsquo;authenticit\u00e9.<\/li>\n<\/ul>","protected":false},"featured_media":2521,"template":"","meta":{"_acf_changed":false},"product_brand":[],"product_cat":[40],"product_tag":[],"class_list":{"0":"post-2527","1":"product","2":"type-product","3":"status-publish","4":"has-post-thumbnail","6":"product_cat-les-flashys","8":"first","9":"instock","10":"sold-individually","11":"shipping-taxable","12":"purchasable","13":"product-type-simple"},"acf":[],"_links":{"self":[{"href":"https:\/\/www.isabellebouhon.be\/en\/wp-json\/wp\/v2\/product\/2527","targetHints":{"allow":["GET"]}}],"collection":[{"href":"https:\/\/www.isabellebouhon.be\/en\/wp-json\/wp\/v2\/product"}],"about":[{"href":"https:\/\/www.isabellebouhon.be\/en\/wp-json\/wp\/v2\/types\/product"}],"wp:featuredmedia":[{"embeddable":true,"href":"https:\/\/www.isabellebouhon.be\/en\/wp-json\/wp\/v2\/media\/2521"}],"wp:attachment":[{"href":"https:\/\/www.isabellebouhon.be\/en\/wp-json\/wp\/v2\/media?parent=2527"}],"wp:term":[{"taxonomy":"product_brand","embeddable":true,"href":"https:\/\/www.isabellebouhon.be\/en\/wp-json\/wp\/v2\/product_brand?post=2527"},{"taxonomy":"product_cat","embeddable":true,"href":"https:\/\/www.isabellebouhon.be\/en\/wp-json\/wp\/v2\/product_cat?post=2527"},{"taxonomy":"product_tag","embeddable":true,"href":"https:\/\/www.isabellebouhon.be\/en\/wp-json\/wp\/v2\/product_tag?post=2527"}],"curies":[{"name":"wp","href":"https:\/\/api.w.org\/{rel}","templated":true}]}}