{"id":1264,"date":"2024-09-16T21:15:55","date_gmt":"2024-09-16T21:15:55","guid":{"rendered":"http:\/\/chromart.local\/?post_type=product&#038;p=1264"},"modified":"2024-11-04T21:50:51","modified_gmt":"2024-11-04T21:50:51","slug":"amazonia","status":"publish","type":"product","link":"https:\/\/www.isabellebouhon.be\/en\/peintures\/peintures-chromotherapeutiques\/les-verts\/amazonia\/","title":{"rendered":"Amazonia"},"content":{"rendered":"<p>100x100x4cm &#8211; ch\u00e2ssis3D<br \/>\nAcrylic on canvas \u2013 Mixed media<\/p>","protected":false},"excerpt":{"rendered":"<ul>\n<li>La fiche explicative sur les couleurs utilis\u00e9es, leurs caract\u00e9ristiques \u00e9nerg\u00e9tiques et comment s&rsquo;en servir pour un mieux \u00eatre.<\/li>\n<li>Le certificat d&rsquo;authenticit\u00e9.<\/li>\n<\/ul>","protected":false},"featured_media":1812,"template":"","meta":{"_acf_changed":false},"product_brand":[],"product_cat":[41],"product_tag":[],"class_list":{"0":"post-1264","1":"product","2":"type-product","3":"status-publish","4":"has-post-thumbnail","6":"product_cat-les-verts","8":"first","9":"outofstock","10":"sold-individually","11":"shipping-taxable","12":"purchasable","13":"product-type-simple"},"acf":[],"_links":{"self":[{"href":"https:\/\/www.isabellebouhon.be\/en\/wp-json\/wp\/v2\/product\/1264","targetHints":{"allow":["GET"]}}],"collection":[{"href":"https:\/\/www.isabellebouhon.be\/en\/wp-json\/wp\/v2\/product"}],"about":[{"href":"https:\/\/www.isabellebouhon.be\/en\/wp-json\/wp\/v2\/types\/product"}],"wp:featuredmedia":[{"embeddable":true,"href":"https:\/\/www.isabellebouhon.be\/en\/wp-json\/wp\/v2\/media\/1812"}],"wp:attachment":[{"href":"https:\/\/www.isabellebouhon.be\/en\/wp-json\/wp\/v2\/media?parent=1264"}],"wp:term":[{"taxonomy":"product_brand","embeddable":true,"href":"https:\/\/www.isabellebouhon.be\/en\/wp-json\/wp\/v2\/product_brand?post=1264"},{"taxonomy":"product_cat","embeddable":true,"href":"https:\/\/www.isabellebouhon.be\/en\/wp-json\/wp\/v2\/product_cat?post=1264"},{"taxonomy":"product_tag","embeddable":true,"href":"https:\/\/www.isabellebouhon.be\/en\/wp-json\/wp\/v2\/product_tag?post=1264"}],"curies":[{"name":"wp","href":"https:\/\/api.w.org\/{rel}","templated":true}]}}