{"id":1256,"date":"2024-09-16T21:12:23","date_gmt":"2024-09-16T21:12:23","guid":{"rendered":"http:\/\/chromart.local\/?post_type=product&#038;p=1256"},"modified":"2025-11-02T11:22:08","modified_gmt":"2025-11-02T11:22:08","slug":"colors-of-life","status":"publish","type":"product","link":"https:\/\/www.isabellebouhon.be\/en\/peintures\/peintures-chromotherapeutiques\/les-flashys\/colors-of-life\/","title":{"rendered":"Colors of Life"},"content":{"rendered":"<p>100x100x4cm &#8211; ch\u00e2ssis3D<br \/>\nAcrylic on canvas \u2013 Mixed media<\/p>","protected":false},"excerpt":{"rendered":"<ul>\n<li>La fiche explicative sur les couleurs utilis\u00e9es, leurs caract\u00e9ristiques \u00e9nerg\u00e9tiques et comment s&rsquo;en servir pour un mieux \u00eatre.<\/li>\n<li>Le certificat d&rsquo;authenticit\u00e9.<\/li>\n<\/ul>","protected":false},"featured_media":1832,"template":"","meta":{"_acf_changed":false},"product_brand":[],"product_cat":[40],"product_tag":[],"class_list":{"0":"post-1256","1":"product","2":"type-product","3":"status-publish","4":"has-post-thumbnail","6":"product_cat-les-flashys","8":"first","9":"instock","10":"sold-individually","11":"shipping-taxable","12":"purchasable","13":"product-type-simple"},"acf":[],"_links":{"self":[{"href":"https:\/\/www.isabellebouhon.be\/en\/wp-json\/wp\/v2\/product\/1256","targetHints":{"allow":["GET"]}}],"collection":[{"href":"https:\/\/www.isabellebouhon.be\/en\/wp-json\/wp\/v2\/product"}],"about":[{"href":"https:\/\/www.isabellebouhon.be\/en\/wp-json\/wp\/v2\/types\/product"}],"wp:featuredmedia":[{"embeddable":true,"href":"https:\/\/www.isabellebouhon.be\/en\/wp-json\/wp\/v2\/media\/1832"}],"wp:attachment":[{"href":"https:\/\/www.isabellebouhon.be\/en\/wp-json\/wp\/v2\/media?parent=1256"}],"wp:term":[{"taxonomy":"product_brand","embeddable":true,"href":"https:\/\/www.isabellebouhon.be\/en\/wp-json\/wp\/v2\/product_brand?post=1256"},{"taxonomy":"product_cat","embeddable":true,"href":"https:\/\/www.isabellebouhon.be\/en\/wp-json\/wp\/v2\/product_cat?post=1256"},{"taxonomy":"product_tag","embeddable":true,"href":"https:\/\/www.isabellebouhon.be\/en\/wp-json\/wp\/v2\/product_tag?post=1256"}],"curies":[{"name":"wp","href":"https:\/\/api.w.org\/{rel}","templated":true}]}}